{"id":1478,"date":"2024-10-24T09:42:50","date_gmt":"2024-10-24T09:42:50","guid":{"rendered":"https:\/\/ks-siguria.com\/shendeti-ne-udhetim\/"},"modified":"2025-03-12T10:00:04","modified_gmt":"2025-03-12T10:00:04","slug":"health-while-traveling","status":"publish","type":"page","link":"https:\/\/ks-siguria.com\/en\/health-while-traveling\/","title":{"rendered":"Health While Traveling"},"content":{"rendered":"","protected":false},"excerpt":{"rendered":"","protected":false},"author":1,"featured_media":0,"parent":0,"menu_order":0,"comment_status":"closed","ping_status":"closed","template":"sh\u00ebndeti-n\u00eb-udh\u00ebtim.php","meta":{"_acf_changed":false,"footnotes":""},"class_list":["post-1478","page","type-page","status-publish","hentry"],"acf":[],"_links":{"self":[{"href":"https:\/\/ks-siguria.com\/en\/wp-json\/wp\/v2\/pages\/1478","targetHints":{"allow":["GET"]}}],"collection":[{"href":"https:\/\/ks-siguria.com\/en\/wp-json\/wp\/v2\/pages"}],"about":[{"href":"https:\/\/ks-siguria.com\/en\/wp-json\/wp\/v2\/types\/page"}],"author":[{"embeddable":true,"href":"https:\/\/ks-siguria.com\/en\/wp-json\/wp\/v2\/users\/1"}],"replies":[{"embeddable":true,"href":"https:\/\/ks-siguria.com\/en\/wp-json\/wp\/v2\/comments?post=1478"}],"version-history":[{"count":1,"href":"https:\/\/ks-siguria.com\/en\/wp-json\/wp\/v2\/pages\/1478\/revisions"}],"predecessor-version":[{"id":1480,"href":"https:\/\/ks-siguria.com\/en\/wp-json\/wp\/v2\/pages\/1478\/revisions\/1480"}],"wp:attachment":[{"href":"https:\/\/ks-siguria.com\/en\/wp-json\/wp\/v2\/media?parent=1478"}],"curies":[{"name":"wp","href":"https:\/\/api.w.org\/{rel}","templated":true}]}}